{"id":13,"date":"2024-01-22T12:39:44","date_gmt":"2024-01-22T11:39:44","guid":{"rendered":"https:\/\/oursonchampignon.com\/?page_id=13"},"modified":"2024-01-24T14:00:47","modified_gmt":"2024-01-24T13:00:47","slug":"a-propos","status":"publish","type":"page","link":"https:\/\/oursonchampignon.com\/index.php\/a-propos\/","title":{"rendered":"A propos"},"content":{"rendered":"\t\t<div data-elementor-type=\"wp-page\" data-elementor-id=\"13\" class=\"elementor elementor-13\">\n\t\t\t\t\t\t\t\t\t<section class=\"elementor-section elementor-top-section elementor-element elementor-element-62949b7 elementor-section-boxed elementor-section-height-default elementor-section-height-default\" data-id=\"62949b7\" data-element_type=\"section\">\n\t\t\t\t\t\t<div class=\"elementor-container elementor-column-gap-default\">\n\t\t\t\t\t<div class=\"elementor-column elementor-col-50 elementor-top-column elementor-element elementor-element-9fb59f1\" data-id=\"9fb59f1\" data-element_type=\"column\">\n\t\t\t<div class=\"elementor-widget-wrap elementor-element-populated\">\n\t\t\t\t\t\t\t\t<div class=\"elementor-element elementor-element-cb09b7a elementor-widget elementor-widget-text-editor\" data-id=\"cb09b7a\" data-element_type=\"widget\" data-widget_type=\"text-editor.default\">\n\t\t\t\t<div class=\"elementor-widget-container\">\n\t\t\t<style>\/*! elementor - v3.18.0 - 20-12-2023 *\/\n.elementor-widget-text-editor.elementor-drop-cap-view-stacked .elementor-drop-cap{background-color:#69727d;color:#fff}.elementor-widget-text-editor.elementor-drop-cap-view-framed .elementor-drop-cap{color:#69727d;border:3px solid;background-color:transparent}.elementor-widget-text-editor:not(.elementor-drop-cap-view-default) .elementor-drop-cap{margin-top:8px}.elementor-widget-text-editor:not(.elementor-drop-cap-view-default) .elementor-drop-cap-letter{width:1em;height:1em}.elementor-widget-text-editor .elementor-drop-cap{float:left;text-align:center;line-height:1;font-size:50px}.elementor-widget-text-editor .elementor-drop-cap-letter{display:inline-block}<\/style>\t\t\t\t<p>L&rsquo;\u00e9quipe dynamique derri\u00e8re \u00ab\u00a0L&rsquo;Ourson Champignon\u00a0\u00bb est compos\u00e9e de passionn\u00e9s de mode pour enfant, r\u00e9unis par la volont\u00e9 commune de cr\u00e9er des v\u00eatements adorables et \u00e9co-responsables. En tant que marque de la soci\u00e9t\u00e9 LIGUELIG, nous sommes port\u00e9s par l&rsquo;expertise et la passion de nos collaborateurs.<\/p><p>Chez \u00ab\u00a0L&rsquo;Ourson Champignon,\u00a0\u00bb nous sommes constamment engag\u00e9s dans l&rsquo;am\u00e9lioration de notre offre. Notre \u00e9quipe d\u00e9vou\u00e9e travaille sans rel\u00e2che pour \u00e9toffer notre catalogue, mettant l&rsquo;accent sur des textiles certifi\u00e9s bio selon les normes GOTS. Cette d\u00e9marche s&rsquo;inscrit dans notre engagement envers la durabilit\u00e9 et la cr\u00e9ation d&rsquo;une mode enfantine respectueuse de l&rsquo;environnement. Gr\u00e2ce \u00e0 notre \u00e9quipe d\u00e9di\u00e9e, nous fa\u00e7onnons l&rsquo;avenir de la mode pour les plus petits avec cr\u00e9ativit\u00e9, responsabilit\u00e9 et une touche de douceur.<\/p>\t\t\t\t\t\t<\/div>\n\t\t\t\t<\/div>\n\t\t\t\t\t<\/div>\n\t\t<\/div>\n\t\t\t\t<div class=\"elementor-column elementor-col-50 elementor-top-column elementor-element elementor-element-16c4740\" data-id=\"16c4740\" data-element_type=\"column\">\n\t\t\t<div class=\"elementor-widget-wrap elementor-element-populated\">\n\t\t\t\t\t\t\t\t<div class=\"elementor-element elementor-element-8f19673 elementor-widget elementor-widget-image\" data-id=\"8f19673\" data-element_type=\"widget\" data-widget_type=\"image.default\">\n\t\t\t\t<div class=\"elementor-widget-container\">\n\t\t\t<style>\/*! elementor - v3.18.0 - 20-12-2023 *\/\n.elementor-widget-image{text-align:center}.elementor-widget-image a{display:inline-block}.elementor-widget-image a img[src$=\".svg\"]{width:48px}.elementor-widget-image img{vertical-align:middle;display:inline-block}<\/style>\t\t\t\t\t\t\t\t\t\t\t\t<img fetchpriority=\"high\" decoding=\"async\" width=\"1024\" height=\"683\" src=\"https:\/\/oursonchampignon.com\/wp-content\/uploads\/2024\/01\/jeunes-collegues-travaillant-ensemble-au-cafe-1024x683.jpg\" class=\"attachment-large size-large wp-image-173\" alt=\"\" srcset=\"https:\/\/oursonchampignon.com\/wp-content\/uploads\/2024\/01\/jeunes-collegues-travaillant-ensemble-au-cafe-1024x683.jpg 1024w, https:\/\/oursonchampignon.com\/wp-content\/uploads\/2024\/01\/jeunes-collegues-travaillant-ensemble-au-cafe-300x200.jpg 300w, https:\/\/oursonchampignon.com\/wp-content\/uploads\/2024\/01\/jeunes-collegues-travaillant-ensemble-au-cafe-768x512.jpg 768w, https:\/\/oursonchampignon.com\/wp-content\/uploads\/2024\/01\/jeunes-collegues-travaillant-ensemble-au-cafe-1536x1024.jpg 1536w, https:\/\/oursonchampignon.com\/wp-content\/uploads\/2024\/01\/jeunes-collegues-travaillant-ensemble-au-cafe-2048x1365.jpg 2048w\" sizes=\"(max-width: 1024px) 100vw, 1024px\" \/>\t\t\t\t\t\t\t\t\t\t\t\t\t\t\t<\/div>\n\t\t\t\t<\/div>\n\t\t\t\t\t<\/div>\n\t\t<\/div>\n\t\t\t\t\t\t\t<\/div>\n\t\t<\/section>\n\t\t\t\t\t\t\t<\/div>\n\t\t","protected":false},"excerpt":{"rendered":"<p>L&rsquo;\u00e9quipe dynamique derri\u00e8re \u00ab\u00a0L&rsquo;Ourson Champignon\u00a0\u00bb est compos\u00e9e de passionn\u00e9s de mode pour enfant, r\u00e9unis par la volont\u00e9 commune de cr\u00e9er des v\u00eatements adorables et \u00e9co-responsables. En tant que marque de la soci\u00e9t\u00e9 LIGUELIG, nous sommes port\u00e9s par l&rsquo;expertise et la passion de nos collaborateurs. Chez \u00ab\u00a0L&rsquo;Ourson Champignon,\u00a0\u00bb nous sommes constamment engag\u00e9s dans l&rsquo;am\u00e9lioration de notre [&hellip;]<\/p>\n","protected":false},"author":1,"featured_media":0,"parent":0,"menu_order":0,"comment_status":"closed","ping_status":"closed","template":"","meta":{"footnotes":""},"yoast_head":"<!-- This site is optimized with the Yoast SEO plugin v21.9.1 - https:\/\/yoast.com\/wordpress\/plugins\/seo\/ -->\n<title>A propos - L&#039;Ourson Champignon<\/title>\n<meta name=\"robots\" content=\"index, follow, max-snippet:-1, max-image-preview:large, max-video-preview:-1\" \/>\n<link rel=\"canonical\" href=\"https:\/\/oursonchampignon.com\/index.php\/a-propos\/\" \/>\n<meta property=\"og:locale\" content=\"fr_FR\" \/>\n<meta property=\"og:type\" content=\"article\" \/>\n<meta property=\"og:title\" content=\"A propos - L&#039;Ourson Champignon\" \/>\n<meta property=\"og:description\" content=\"L&rsquo;\u00e9quipe dynamique derri\u00e8re \u00ab\u00a0L&rsquo;Ourson Champignon\u00a0\u00bb est compos\u00e9e de passionn\u00e9s de mode pour enfant, r\u00e9unis par la volont\u00e9 commune de cr\u00e9er des v\u00eatements adorables et \u00e9co-responsables. En tant que marque de la soci\u00e9t\u00e9 LIGUELIG, nous sommes port\u00e9s par l&rsquo;expertise et la passion de nos collaborateurs. Chez \u00ab\u00a0L&rsquo;Ourson Champignon,\u00a0\u00bb nous sommes constamment engag\u00e9s dans l&rsquo;am\u00e9lioration de notre [&hellip;]\" \/>\n<meta property=\"og:url\" content=\"https:\/\/oursonchampignon.com\/index.php\/a-propos\/\" \/>\n<meta property=\"og:site_name\" content=\"L&#039;Ourson Champignon\" \/>\n<meta property=\"article:modified_time\" content=\"2024-01-24T13:00:47+00:00\" \/>\n<meta property=\"og:image\" content=\"http:\/\/oursonchampignon.com\/wp-content\/uploads\/2024\/01\/jeunes-collegues-travaillant-ensemble-au-cafe-1024x683.jpg\" \/>\n<meta name=\"twitter:card\" content=\"summary_large_image\" \/>\n<meta name=\"twitter:label1\" content=\"Dur\u00e9e de lecture estim\u00e9e\" \/>\n\t<meta name=\"twitter:data1\" content=\"1 minute\" \/>\n<script type=\"application\/ld+json\" class=\"yoast-schema-graph\">{\"@context\":\"https:\/\/schema.org\",\"@graph\":[{\"@type\":\"WebPage\",\"@id\":\"https:\/\/oursonchampignon.com\/index.php\/a-propos\/\",\"url\":\"https:\/\/oursonchampignon.com\/index.php\/a-propos\/\",\"name\":\"A propos - L&#039;Ourson Champignon\",\"isPartOf\":{\"@id\":\"https:\/\/oursonchampignon.com\/#website\"},\"datePublished\":\"2024-01-22T11:39:44+00:00\",\"dateModified\":\"2024-01-24T13:00:47+00:00\",\"breadcrumb\":{\"@id\":\"https:\/\/oursonchampignon.com\/index.php\/a-propos\/#breadcrumb\"},\"inLanguage\":\"fr-FR\",\"potentialAction\":[{\"@type\":\"ReadAction\",\"target\":[\"https:\/\/oursonchampignon.com\/index.php\/a-propos\/\"]}]},{\"@type\":\"BreadcrumbList\",\"@id\":\"https:\/\/oursonchampignon.com\/index.php\/a-propos\/#breadcrumb\",\"itemListElement\":[{\"@type\":\"ListItem\",\"position\":1,\"name\":\"Accueil\",\"item\":\"https:\/\/oursonchampignon.com\/\"},{\"@type\":\"ListItem\",\"position\":2,\"name\":\"A propos\"}]},{\"@type\":\"WebSite\",\"@id\":\"https:\/\/oursonchampignon.com\/#website\",\"url\":\"https:\/\/oursonchampignon.com\/\",\"name\":\"L&#039;Ourson Champignon\",\"description\":\"L&#039;Ourson Champignon - La mode \u00e9co-responsable pour nos petits \u00e9co-h\u00e9ros !\",\"publisher\":{\"@id\":\"https:\/\/oursonchampignon.com\/#organization\"},\"potentialAction\":[{\"@type\":\"SearchAction\",\"target\":{\"@type\":\"EntryPoint\",\"urlTemplate\":\"https:\/\/oursonchampignon.com\/?s={search_term_string}\"},\"query-input\":\"required name=search_term_string\"}],\"inLanguage\":\"fr-FR\"},{\"@type\":\"Organization\",\"@id\":\"https:\/\/oursonchampignon.com\/#organization\",\"name\":\"L&#039;Ourson Champignon\",\"url\":\"https:\/\/oursonchampignon.com\/\",\"logo\":{\"@type\":\"ImageObject\",\"inLanguage\":\"fr-FR\",\"@id\":\"https:\/\/oursonchampignon.com\/#\/schema\/logo\/image\/\",\"url\":\"https:\/\/oursonchampignon.com\/wp-content\/uploads\/2024\/01\/Bear-Mushroom.png\",\"contentUrl\":\"https:\/\/oursonchampignon.com\/wp-content\/uploads\/2024\/01\/Bear-Mushroom.png\",\"width\":3135,\"height\":3647,\"caption\":\"L&#039;Ourson Champignon\"},\"image\":{\"@id\":\"https:\/\/oursonchampignon.com\/#\/schema\/logo\/image\/\"}}]}<\/script>\n<!-- \/ Yoast SEO plugin. -->","yoast_head_json":{"title":"A propos - L&#039;Ourson Champignon","robots":{"index":"index","follow":"follow","max-snippet":"max-snippet:-1","max-image-preview":"max-image-preview:large","max-video-preview":"max-video-preview:-1"},"canonical":"https:\/\/oursonchampignon.com\/index.php\/a-propos\/","og_locale":"fr_FR","og_type":"article","og_title":"A propos - L&#039;Ourson Champignon","og_description":"L&rsquo;\u00e9quipe dynamique derri\u00e8re \u00ab\u00a0L&rsquo;Ourson Champignon\u00a0\u00bb est compos\u00e9e de passionn\u00e9s de mode pour enfant, r\u00e9unis par la volont\u00e9 commune de cr\u00e9er des v\u00eatements adorables et \u00e9co-responsables. En tant que marque de la soci\u00e9t\u00e9 LIGUELIG, nous sommes port\u00e9s par l&rsquo;expertise et la passion de nos collaborateurs. Chez \u00ab\u00a0L&rsquo;Ourson Champignon,\u00a0\u00bb nous sommes constamment engag\u00e9s dans l&rsquo;am\u00e9lioration de notre [&hellip;]","og_url":"https:\/\/oursonchampignon.com\/index.php\/a-propos\/","og_site_name":"L&#039;Ourson Champignon","article_modified_time":"2024-01-24T13:00:47+00:00","og_image":[{"url":"http:\/\/oursonchampignon.com\/wp-content\/uploads\/2024\/01\/jeunes-collegues-travaillant-ensemble-au-cafe-1024x683.jpg"}],"twitter_card":"summary_large_image","twitter_misc":{"Dur\u00e9e de lecture estim\u00e9e":"1 minute"},"schema":{"@context":"https:\/\/schema.org","@graph":[{"@type":"WebPage","@id":"https:\/\/oursonchampignon.com\/index.php\/a-propos\/","url":"https:\/\/oursonchampignon.com\/index.php\/a-propos\/","name":"A propos - L&#039;Ourson Champignon","isPartOf":{"@id":"https:\/\/oursonchampignon.com\/#website"},"datePublished":"2024-01-22T11:39:44+00:00","dateModified":"2024-01-24T13:00:47+00:00","breadcrumb":{"@id":"https:\/\/oursonchampignon.com\/index.php\/a-propos\/#breadcrumb"},"inLanguage":"fr-FR","potentialAction":[{"@type":"ReadAction","target":["https:\/\/oursonchampignon.com\/index.php\/a-propos\/"]}]},{"@type":"BreadcrumbList","@id":"https:\/\/oursonchampignon.com\/index.php\/a-propos\/#breadcrumb","itemListElement":[{"@type":"ListItem","position":1,"name":"Accueil","item":"https:\/\/oursonchampignon.com\/"},{"@type":"ListItem","position":2,"name":"A propos"}]},{"@type":"WebSite","@id":"https:\/\/oursonchampignon.com\/#website","url":"https:\/\/oursonchampignon.com\/","name":"L&#039;Ourson Champignon","description":"L&#039;Ourson Champignon - La mode \u00e9co-responsable pour nos petits \u00e9co-h\u00e9ros !","publisher":{"@id":"https:\/\/oursonchampignon.com\/#organization"},"potentialAction":[{"@type":"SearchAction","target":{"@type":"EntryPoint","urlTemplate":"https:\/\/oursonchampignon.com\/?s={search_term_string}"},"query-input":"required name=search_term_string"}],"inLanguage":"fr-FR"},{"@type":"Organization","@id":"https:\/\/oursonchampignon.com\/#organization","name":"L&#039;Ourson Champignon","url":"https:\/\/oursonchampignon.com\/","logo":{"@type":"ImageObject","inLanguage":"fr-FR","@id":"https:\/\/oursonchampignon.com\/#\/schema\/logo\/image\/","url":"https:\/\/oursonchampignon.com\/wp-content\/uploads\/2024\/01\/Bear-Mushroom.png","contentUrl":"https:\/\/oursonchampignon.com\/wp-content\/uploads\/2024\/01\/Bear-Mushroom.png","width":3135,"height":3647,"caption":"L&#039;Ourson Champignon"},"image":{"@id":"https:\/\/oursonchampignon.com\/#\/schema\/logo\/image\/"}}]}},"_links":{"self":[{"href":"https:\/\/oursonchampignon.com\/index.php\/wp-json\/wp\/v2\/pages\/13"}],"collection":[{"href":"https:\/\/oursonchampignon.com\/index.php\/wp-json\/wp\/v2\/pages"}],"about":[{"href":"https:\/\/oursonchampignon.com\/index.php\/wp-json\/wp\/v2\/types\/page"}],"author":[{"embeddable":true,"href":"https:\/\/oursonchampignon.com\/index.php\/wp-json\/wp\/v2\/users\/1"}],"replies":[{"embeddable":true,"href":"https:\/\/oursonchampignon.com\/index.php\/wp-json\/wp\/v2\/comments?post=13"}],"version-history":[{"count":4,"href":"https:\/\/oursonchampignon.com\/index.php\/wp-json\/wp\/v2\/pages\/13\/revisions"}],"predecessor-version":[{"id":177,"href":"https:\/\/oursonchampignon.com\/index.php\/wp-json\/wp\/v2\/pages\/13\/revisions\/177"}],"wp:attachment":[{"href":"https:\/\/oursonchampignon.com\/index.php\/wp-json\/wp\/v2\/media?parent=13"}],"curies":[{"name":"wp","href":"https:\/\/api.w.org\/{rel}","templated":true}]}}